{"id":24,"date":"2020-09-03T22:51:15","date_gmt":"2020-09-04T01:51:15","guid":{"rendered":"http:\/\/maxidesign.com.br\/?page_id=24"},"modified":"2020-09-03T23:43:17","modified_gmt":"2020-09-04T02:43:17","slug":"sobre","status":"publish","type":"page","link":"https:\/\/maxidesign.com.br\/?page_id=24","title":{"rendered":"Sobre"},"content":{"rendered":"\n<p>Somos uma empresa atuando na \u00e1rea de Arquitetura Promocional, criando e executando Estandes para feiras , exposi\u00e7\u00f5es no territ\u00f3rio nacional. Cenografia de palco para eventos corporativos, lan\u00e7amentos, comemora\u00e7\u00f5es.<\/p>\n","protected":false},"excerpt":{"rendered":"<p>Somos uma empresa atuando na \u00e1rea de Arquitetura Promocional, criando e executando Estandes para feiras , exposi\u00e7\u00f5es no territ\u00f3rio nacional. Cenografia de palco para eventos corporativos, lan\u00e7amentos, comemora\u00e7\u00f5es.<\/p>\n","protected":false},"author":1,"featured_media":48,"parent":0,"menu_order":0,"comment_status":"closed","ping_status":"closed","template":"","meta":[],"_links":{"self":[{"href":"https:\/\/maxidesign.com.br\/index.php?rest_route=\/wp\/v2\/pages\/24"}],"collection":[{"href":"https:\/\/maxidesign.com.br\/index.php?rest_route=\/wp\/v2\/pages"}],"about":[{"href":"https:\/\/maxidesign.com.br\/index.php?rest_route=\/wp\/v2\/types\/page"}],"author":[{"embeddable":true,"href":"https:\/\/maxidesign.com.br\/index.php?rest_route=\/wp\/v2\/users\/1"}],"replies":[{"embeddable":true,"href":"https:\/\/maxidesign.com.br\/index.php?rest_route=%2Fwp%2Fv2%2Fcomments&post=24"}],"version-history":[{"count":3,"href":"https:\/\/maxidesign.com.br\/index.php?rest_route=\/wp\/v2\/pages\/24\/revisions"}],"predecessor-version":[{"id":61,"href":"https:\/\/maxidesign.com.br\/index.php?rest_route=\/wp\/v2\/pages\/24\/revisions\/61"}],"wp:featuredmedia":[{"embeddable":true,"href":"https:\/\/maxidesign.com.br\/index.php?rest_route=\/wp\/v2\/media\/48"}],"wp:attachment":[{"href":"https:\/\/maxidesign.com.br\/index.php?rest_route=%2Fwp%2Fv2%2Fmedia&parent=24"}],"curies":[{"name":"wp","href":"https:\/\/api.w.org\/{rel}","templated":true}]}}