{"id":25,"date":"2020-09-03T22:51:15","date_gmt":"2020-09-04T01:51:15","guid":{"rendered":"http:\/\/maxidesign.com.br\/?page_id=25"},"modified":"2020-09-04T20:46:25","modified_gmt":"2020-09-04T23:46:25","slug":"contato","status":"publish","type":"page","link":"https:\/\/maxidesign.com.br\/?page_id=25","title":{"rendered":"Contato"},"content":{"rendered":"\n<p>Somos uma empresa atuando na \u00e1rea de Arquitetura Promocional, criando e executando Estandes para feiras , exposi\u00e7\u00f5es no territ\u00f3rio nacional. Cenografia de palco para eventos corporativos, lan\u00e7amentos, comemora\u00e7\u00f5es.<\/p>\n\n\n\n<p><strong>Telefone: +55 11 95233-1940<\/strong><\/p>\n\n\n\n<p><strong>E-mail: maxidesign@maxidesign.com.br<\/strong><\/p>\n","protected":false},"excerpt":{"rendered":"<p>Somos uma empresa atuando na \u00e1rea de Arquitetura Promocional, criando e executando Estandes para feiras , exposi\u00e7\u00f5es no territ\u00f3rio nacional. Cenografia de palco para eventos corporativos, lan\u00e7amentos, comemora\u00e7\u00f5es. Telefone: +55 11 95233-1940 E-mail: maxidesign@maxidesign.com.br<\/p>\n","protected":false},"author":1,"featured_media":49,"parent":0,"menu_order":0,"comment_status":"closed","ping_status":"closed","template":"","meta":[],"_links":{"self":[{"href":"https:\/\/maxidesign.com.br\/index.php?rest_route=\/wp\/v2\/pages\/25"}],"collection":[{"href":"https:\/\/maxidesign.com.br\/index.php?rest_route=\/wp\/v2\/pages"}],"about":[{"href":"https:\/\/maxidesign.com.br\/index.php?rest_route=\/wp\/v2\/types\/page"}],"author":[{"embeddable":true,"href":"https:\/\/maxidesign.com.br\/index.php?rest_route=\/wp\/v2\/users\/1"}],"replies":[{"embeddable":true,"href":"https:\/\/maxidesign.com.br\/index.php?rest_route=%2Fwp%2Fv2%2Fcomments&post=25"}],"version-history":[{"count":9,"href":"https:\/\/maxidesign.com.br\/index.php?rest_route=\/wp\/v2\/pages\/25\/revisions"}],"predecessor-version":[{"id":81,"href":"https:\/\/maxidesign.com.br\/index.php?rest_route=\/wp\/v2\/pages\/25\/revisions\/81"}],"wp:featuredmedia":[{"embeddable":true,"href":"https:\/\/maxidesign.com.br\/index.php?rest_route=\/wp\/v2\/media\/49"}],"wp:attachment":[{"href":"https:\/\/maxidesign.com.br\/index.php?rest_route=%2Fwp%2Fv2%2Fmedia&parent=25"}],"curies":[{"name":"wp","href":"https:\/\/api.w.org\/{rel}","templated":true}]}}